{"id":897,"date":"2024-04-21T14:12:48","date_gmt":"2024-04-21T14:12:48","guid":{"rendered":"https:\/\/asesorfiscaltoledo.com\/?page_id=897"},"modified":"2024-04-21T14:14:06","modified_gmt":"2024-04-21T14:14:06","slug":"escribe-tu-resena","status":"publish","type":"page","link":"https:\/\/asesorfiscaltoledo.com\/en\/escribe-tu-resena\/","title":{"rendered":"Escribe tu rese\u00f1a"},"content":{"rendered":"<div data-elementor-type=\"wp-page\" data-elementor-id=\"897\" class=\"elementor elementor-897\">\n\t\t\t\t<div class=\"elementor-element elementor-element-9c15661 e-flex e-con-boxed wpr-particle-no wpr-jarallax-no wpr-parallax-no wpr-sticky-section-no e-con e-parent\" data-id=\"9c15661\" data-element_type=\"container\">\n\t\t\t\t\t<div class=\"e-con-inner\">\n\t\t\t\t<div class=\"elementor-element elementor-element-2e8edb5 elementor-widget elementor-widget-site_reviews_form\" data-id=\"2e8edb5\" data-element_type=\"widget\" data-widget_type=\"site_reviews_form.default\">\n\t\t\t\t<div class=\"elementor-widget-container\">\n\t\t\t\t\t<div class=\"glsr glsr-default\" id=\"glsr_3f2f69cc\" data-from=\"elementor\" data-shortcode=\"site_reviews_form\" data-hide=\"email\"><div class=\"glsr-form-wrap\">\n    <form class=\"glsr-review-form glsr-form\" method=\"post\" enctype=\"multipart\/form-data\" action=\"\">\n        <input type=\"hidden\" name=\"site-reviews[_action]\" value=\"submit-review\" \/>\n<input type=\"hidden\" name=\"site-reviews[_nonce]\" value=\"b8417b0e26\" \/>\n<input type=\"hidden\" name=\"site-reviews[_post_id]\" value=\"897\" \/>\n<input type=\"hidden\" name=\"site-reviews[_referer]\" value=\"\" \/>\n<input type=\"hidden\" name=\"site-reviews[assigned_posts]\" value=\"\" \/>\n<input type=\"hidden\" name=\"site-reviews[assigned_terms]\" value=\"\" \/>\n<input type=\"hidden\" name=\"site-reviews[assigned_users]\" value=\"\" \/>\n<input type=\"hidden\" name=\"site-reviews[excluded]\" value=\"email\" \/>\n<input type=\"hidden\" name=\"site-reviews[form_id]\" value=\"glsr_3f2f69cc\" \/>\n<input type=\"hidden\" name=\"site-reviews[terms_exist]\" value=\"1\" \/>\n<input type=\"hidden\" name=\"site-reviews[form_signature]\" value=\"frkGTchHNNVOSk2aWdhB3Y1nBEf2CalAhKjCqOXQK7GHEn8cI4nPA0FvseroNHvew9qBfYVgOO_5xuPnBWe98ur-fKYsMprvl_Hu1JcckOS8R8Sp-367oVEfPbpfosEPWT-7E1G7pxrD06RkzbH6Fo6pPZyg_7xHk0enqHKE6v6r5WHtrLyKLxt6Y7AgFx05OoICLDJ28X63PHn77vx7Dw9GvNX8Qc1xqTr0QiI8XrMbnYA0RpJnzZra8tErfG6ONGhrkNGChKF-zYA3PROo4VwwIOZwYyETXyROaZFsrVLKrH3n2czfROkKBosKQCokUE03yVRwKPKr5JHDCXV5Q_W4B6sC0udagMqS61eCQG0EOXPneQLk7kaDLpNct6euBKfy9UxvN0nw91_ujXpMwjr5w6E0SjId\" \/>\n<div class=\"glsr-field\" style=\"display:none;\"><label for=\"site-reviews-6607ca09-glsr_3f2f69cc\">Your review<\/label><input type=\"text\" class=\"glsr-input glsr-input-text\" id=\"site-reviews-6607ca09-glsr_3f2f69cc\" name=\"site-reviews[6607ca09]\" value=\"\" \/><\/div>\n<div class=\"glsr-field glsr-field-rating glsr-required\" data-field=\"rating\">\n    <label class=\"glsr-label\" for=\"glsr_3f2f69cc-rating\">\n    <span>Your overall rating<\/span>\n<\/label>\n    <select class=\"browser-default disable-select no_wrap no-wrap glsr-select\" id=\"glsr_3f2f69cc-rating\" name=\"site-reviews[rating]\" required><option value=\"\">Select a Rating<\/option><option value=\"5\">5 Stars<\/option><option value=\"4\">4 Stars<\/option><option value=\"3\">3 Stars<\/option><option value=\"2\">2 Stars<\/option><option value=\"1\">1 Star<\/option><\/select>\n    <div class=\"glsr-field-error\"><\/div>\n<\/div>\n<div class=\"glsr-field glsr-field-text glsr-required\" data-field=\"title\">\n    <label class=\"glsr-label\" for=\"glsr_3f2f69cc-title\">\n    <span>Title of your review<\/span>\n<\/label>\n    <input type=\"text\" class=\"glsr-input glsr-input-text\" id=\"glsr_3f2f69cc-title\" name=\"site-reviews[title]\" required placeholder=\"Summarize your review or highlight an interesting detail\" value=\"\" \/>\n    <div class=\"glsr-field-error\"><\/div>\n<\/div>\n<div class=\"glsr-field glsr-field-textarea glsr-required\" data-field=\"content\">\n    <label class=\"glsr-label\" for=\"glsr_3f2f69cc-content\">\n    <span>Your review<\/span>\n<\/label>\n    <textarea class=\"glsr-textarea\" id=\"glsr_3f2f69cc-content\" name=\"site-reviews[content]\" required placeholder=\"Tell people your review\" rows=\"5\"><\/textarea>\n    <div class=\"glsr-field-error\"><\/div>\n<\/div>\n<div class=\"glsr-field glsr-field-text glsr-required\" data-field=\"name\">\n    <label class=\"glsr-label\" for=\"glsr_3f2f69cc-name\">\n    <span>Your name<\/span>\n<\/label>\n    <input type=\"text\" class=\"glsr-input glsr-input-text\" id=\"glsr_3f2f69cc-name\" name=\"site-reviews[name]\" required placeholder=\"Tell us your name\" value=\"\" \/>\n    <div class=\"glsr-field-error\"><\/div>\n<\/div>\n<div class=\"glsr-field glsr-field-choice glsr-required\" data-field=\"terms\">\n    \n    <span class=\"glsr-field-toggle\">\n    <span class=\"glsr-toggle\">\n        <label for=\"glsr_3f2f69cc-terms-1\">This review is based on my own experience and is my genuine opinion.<\/label>\n        <span class=\"glsr-toggle-switch\">\n            <input type=\"checkbox\" class=\"glsr-input-toggle\" id=\"glsr_3f2f69cc-terms-1\" name=\"site-reviews[terms]\" required value=\"1\" \/> &#8203; <!-- zero-space character used for alignment -->\n            <span class=\"glsr-toggle-track\"><\/span>\n        <\/span>\n    <\/span>\n<\/span>\n    <div class=\"glsr-field-error\"><\/div>\n<\/div>\n        <div class=\"glsr-form-message\">\n    \n<\/div>\n        <div data-field=\"submit-button\">\n    <div class=\"wp-block-buttons is-layout-flex\">\n        <div class=\"wp-block-button\">\n            <button type=\"submit\" class=\"glsr-button wp-block-button__link wp-element-button\" aria-busy=\"false\" data-loading=\"Submitting, please wait...\">Submit Review<\/button>\n        <\/div>\n    <\/div>\n<\/div>\n    <input type=\"hidden\" name=\"trp-form-language\" value=\"en\"\/><\/form>\n<\/div><\/div>\t\t\t\t<\/div>\n\t\t\t\t<\/div>\n\t\t\t\t\t<\/div>\n\t\t\t\t<\/div>\n\t\t\t\t<\/div>","protected":false},"excerpt":{"rendered":"<p>Tu rese\u00f1a Tu puntuaci\u00f3n global Seleccionar una puntuaci\u00f3n5 estrellas4 estrellas3 estrellas2 estrellas1 estrella T\u00edtulo de tu rese\u00f1a Tu rese\u00f1a Tu nombre Esta rese\u00f1a se basa en mi propia experiencia y es mi opini\u00f3n genuina. &#8203; Enviar tu rese\u00f1a<\/p>","protected":false},"author":1,"featured_media":0,"parent":0,"menu_order":0,"comment_status":"closed","ping_status":"closed","template":"","meta":{"footnotes":"","_glsr_average":0,"_glsr_ranking":0,"_glsr_reviews":0},"blocksy_meta":[],"yoast_head":"<!-- This site is optimized with the Yoast SEO plugin v23.2 - https:\/\/yoast.com\/wordpress\/plugins\/seo\/ -->\n<title>Escribe tu rese\u00f1a -<\/title>\n<meta name=\"robots\" content=\"index, follow, max-snippet:-1, max-image-preview:large, max-video-preview:-1\" \/>\n<link rel=\"canonical\" href=\"https:\/\/asesorfiscaltoledo.com\/en\/escribe-tu-resena\/\" \/>\n<meta property=\"og:locale\" content=\"en_US\" \/>\n<meta property=\"og:type\" content=\"article\" \/>\n<meta property=\"og:title\" content=\"Escribe tu rese\u00f1a -\" \/>\n<meta property=\"og:description\" content=\"Tu rese\u00f1a Tu puntuaci\u00f3n global Seleccionar una puntuaci\u00f3n5 estrellas4 estrellas3 estrellas2 estrellas1 estrella T\u00edtulo de tu rese\u00f1a Tu rese\u00f1a Tu nombre Esta rese\u00f1a se basa en mi propia experiencia y es mi opini\u00f3n genuina. &#8203; Enviar tu rese\u00f1a\" \/>\n<meta property=\"og:url\" content=\"https:\/\/asesorfiscaltoledo.com\/en\/escribe-tu-resena\/\" \/>\n<meta property=\"article:modified_time\" content=\"2024-04-21T14:14:06+00:00\" \/>\n<meta property=\"og:image\" content=\"https:\/\/asesorfiscaltoledo.com\/wp-content\/uploads\/2023\/12\/scml_b.png\" \/>\n\t<meta property=\"og:image:width\" content=\"500\" \/>\n\t<meta property=\"og:image:height\" content=\"500\" \/>\n\t<meta property=\"og:image:type\" content=\"image\/png\" \/>\n<meta name=\"twitter:card\" content=\"summary_large_image\" \/>\n<meta name=\"twitter:label1\" content=\"Est. reading time\" \/>\n\t<meta name=\"twitter:data1\" content=\"1 minute\" \/>\n<script type=\"application\/ld+json\" class=\"yoast-schema-graph\">{\"@context\":\"https:\/\/schema.org\",\"@graph\":[{\"@type\":\"WebPage\",\"@id\":\"https:\/\/asesorfiscaltoledo.com\/escribe-tu-resena\/\",\"url\":\"https:\/\/asesorfiscaltoledo.com\/escribe-tu-resena\/\",\"name\":\"Escribe tu rese\u00f1a -\",\"isPartOf\":{\"@id\":\"https:\/\/asesorfiscaltoledo.com\/#website\"},\"datePublished\":\"2024-04-21T14:12:48+00:00\",\"dateModified\":\"2024-04-21T14:14:06+00:00\",\"breadcrumb\":{\"@id\":\"https:\/\/asesorfiscaltoledo.com\/escribe-tu-resena\/#breadcrumb\"},\"inLanguage\":\"en-US\",\"potentialAction\":[{\"@type\":\"ReadAction\",\"target\":[\"https:\/\/asesorfiscaltoledo.com\/escribe-tu-resena\/\"]}]},{\"@type\":\"BreadcrumbList\",\"@id\":\"https:\/\/asesorfiscaltoledo.com\/escribe-tu-resena\/#breadcrumb\",\"itemListElement\":[{\"@type\":\"ListItem\",\"position\":1,\"name\":\"Portada\",\"item\":\"https:\/\/asesorfiscaltoledo.com\/\"},{\"@type\":\"ListItem\",\"position\":2,\"name\":\"Escribe tu rese\u00f1a\"}]},{\"@type\":\"WebSite\",\"@id\":\"https:\/\/asesorfiscaltoledo.com\/#website\",\"url\":\"https:\/\/asesorfiscaltoledo.com\/\",\"name\":\"Asesor fiscal Toledo\",\"description\":\"Especialistas en asesoramiento fiscal a empresas Toledo, Madrid y Palma de Mallorca\",\"publisher\":{\"@id\":\"https:\/\/asesorfiscaltoledo.com\/#organization\"},\"potentialAction\":[{\"@type\":\"SearchAction\",\"target\":{\"@type\":\"EntryPoint\",\"urlTemplate\":\"https:\/\/asesorfiscaltoledo.com\/?s={search_term_string}\"},\"query-input\":\"required name=search_term_string\"}],\"inLanguage\":\"en-US\"},{\"@type\":\"Organization\",\"@id\":\"https:\/\/asesorfiscaltoledo.com\/#organization\",\"name\":\"SCML Asesores Fiscales\",\"url\":\"https:\/\/asesorfiscaltoledo.com\/\",\"logo\":{\"@type\":\"ImageObject\",\"inLanguage\":\"en-US\",\"@id\":\"https:\/\/asesorfiscaltoledo.com\/#\/schema\/logo\/image\/\",\"url\":\"https:\/\/asesorfiscaltoledo.com\/wp-content\/uploads\/2023\/12\/scml_b.png\",\"contentUrl\":\"https:\/\/asesorfiscaltoledo.com\/wp-content\/uploads\/2023\/12\/scml_b.png\",\"width\":500,\"height\":500,\"caption\":\"SCML Asesores Fiscales\"},\"image\":{\"@id\":\"https:\/\/asesorfiscaltoledo.com\/#\/schema\/logo\/image\/\"}}]}<\/script>\n<!-- \/ Yoast SEO plugin. -->","yoast_head_json":{"title":"Escribe tu rese\u00f1a -","robots":{"index":"index","follow":"follow","max-snippet":"max-snippet:-1","max-image-preview":"max-image-preview:large","max-video-preview":"max-video-preview:-1"},"canonical":"https:\/\/asesorfiscaltoledo.com\/en\/escribe-tu-resena\/","og_locale":"en_US","og_type":"article","og_title":"Escribe tu rese\u00f1a -","og_description":"Tu rese\u00f1a Tu puntuaci\u00f3n global Seleccionar una puntuaci\u00f3n5 estrellas4 estrellas3 estrellas2 estrellas1 estrella T\u00edtulo de tu rese\u00f1a Tu rese\u00f1a Tu nombre Esta rese\u00f1a se basa en mi propia experiencia y es mi opini\u00f3n genuina. &#8203; Enviar tu rese\u00f1a","og_url":"https:\/\/asesorfiscaltoledo.com\/en\/escribe-tu-resena\/","article_modified_time":"2024-04-21T14:14:06+00:00","og_image":[{"width":500,"height":500,"url":"https:\/\/asesorfiscaltoledo.com\/wp-content\/uploads\/2023\/12\/scml_b.png","type":"image\/png"}],"twitter_card":"summary_large_image","twitter_misc":{"Est. reading time":"1 minute"},"schema":{"@context":"https:\/\/schema.org","@graph":[{"@type":"WebPage","@id":"https:\/\/asesorfiscaltoledo.com\/escribe-tu-resena\/","url":"https:\/\/asesorfiscaltoledo.com\/escribe-tu-resena\/","name":"Escribe tu rese\u00f1a -","isPartOf":{"@id":"https:\/\/asesorfiscaltoledo.com\/#website"},"datePublished":"2024-04-21T14:12:48+00:00","dateModified":"2024-04-21T14:14:06+00:00","breadcrumb":{"@id":"https:\/\/asesorfiscaltoledo.com\/escribe-tu-resena\/#breadcrumb"},"inLanguage":"en-US","potentialAction":[{"@type":"ReadAction","target":["https:\/\/asesorfiscaltoledo.com\/escribe-tu-resena\/"]}]},{"@type":"BreadcrumbList","@id":"https:\/\/asesorfiscaltoledo.com\/escribe-tu-resena\/#breadcrumb","itemListElement":[{"@type":"ListItem","position":1,"name":"Portada","item":"https:\/\/asesorfiscaltoledo.com\/"},{"@type":"ListItem","position":2,"name":"Escribe tu rese\u00f1a"}]},{"@type":"WebSite","@id":"https:\/\/asesorfiscaltoledo.com\/#website","url":"https:\/\/asesorfiscaltoledo.com\/","name":"Asesor fiscal Toledo","description":"Especialistas en asesoramiento fiscal a empresas Toledo, Madrid y Palma de Mallorca","publisher":{"@id":"https:\/\/asesorfiscaltoledo.com\/#organization"},"potentialAction":[{"@type":"SearchAction","target":{"@type":"EntryPoint","urlTemplate":"https:\/\/asesorfiscaltoledo.com\/?s={search_term_string}"},"query-input":"required name=search_term_string"}],"inLanguage":"en-US"},{"@type":"Organization","@id":"https:\/\/asesorfiscaltoledo.com\/#organization","name":"SCML Asesores Fiscales","url":"https:\/\/asesorfiscaltoledo.com\/","logo":{"@type":"ImageObject","inLanguage":"en-US","@id":"https:\/\/asesorfiscaltoledo.com\/#\/schema\/logo\/image\/","url":"https:\/\/asesorfiscaltoledo.com\/wp-content\/uploads\/2023\/12\/scml_b.png","contentUrl":"https:\/\/asesorfiscaltoledo.com\/wp-content\/uploads\/2023\/12\/scml_b.png","width":500,"height":500,"caption":"SCML Asesores Fiscales"},"image":{"@id":"https:\/\/asesorfiscaltoledo.com\/#\/schema\/logo\/image\/"}}]}},"_links":{"self":[{"href":"https:\/\/asesorfiscaltoledo.com\/en\/wp-json\/wp\/v2\/pages\/897"}],"collection":[{"href":"https:\/\/asesorfiscaltoledo.com\/en\/wp-json\/wp\/v2\/pages"}],"about":[{"href":"https:\/\/asesorfiscaltoledo.com\/en\/wp-json\/wp\/v2\/types\/page"}],"author":[{"embeddable":true,"href":"https:\/\/asesorfiscaltoledo.com\/en\/wp-json\/wp\/v2\/users\/1"}],"replies":[{"embeddable":true,"href":"https:\/\/asesorfiscaltoledo.com\/en\/wp-json\/wp\/v2\/comments?post=897"}],"version-history":[{"count":4,"href":"https:\/\/asesorfiscaltoledo.com\/en\/wp-json\/wp\/v2\/pages\/897\/revisions"}],"predecessor-version":[{"id":901,"href":"https:\/\/asesorfiscaltoledo.com\/en\/wp-json\/wp\/v2\/pages\/897\/revisions\/901"}],"wp:attachment":[{"href":"https:\/\/asesorfiscaltoledo.com\/en\/wp-json\/wp\/v2\/media?parent=897"}],"curies":[{"name":"wp","href":"https:\/\/api.w.org\/{rel}","templated":true}]}}