{"id":1054,"date":"2025-01-26T16:15:04","date_gmt":"2025-01-26T15:15:04","guid":{"rendered":"https:\/\/asesorfiscaltoledo.com\/?page_id=1054"},"modified":"2025-01-26T17:26:56","modified_gmt":"2025-01-26T16:26:56","slug":"articulosesp","status":"publish","type":"page","link":"https:\/\/asesorfiscaltoledo.com\/en\/articulosesp\/","title":{"rendered":"Articulos"},"content":{"rendered":"<div data-elementor-type=\"wp-page\" data-elementor-id=\"1054\" class=\"elementor elementor-1054\">\n\t\t\t\t\t\t<\/div>","protected":false},"excerpt":{"rendered":"<p>Condonaci\u00f3n y capitalizaci\u00f3n de deudas socios-sociedad Optimizaci\u00f3n fiscal y fortalecimiento financiero. Leer \u00e1rticulo Financiaci\u00f3n informal de PYMEs por socios Aportaciones informales de socios para mejorar liquidez, finanzas y cumplir requisitos fiscales. Leer \u00e1rticulo Plataforma de venta online Principales obligaciones fiscales de la venta online. Leer \u00e1rticulo La sociedad patrimonial Instrumento de protecci\u00f3n patrimonial y eficiencia fiscal Leer \u00e1rticulo La LLC (Limited Liability Company) La LLC y su empleo en negocios digitales Leer \u00e1rticulo Internacionalizaci\u00f3n de la empresa espa\u00f1ola La relevancia de los convenios para evitar la doble imposici\u00f3n Leer \u00e1rticulo Patrimonio personal Caso de \u00e9xito: Planificaci\u00f3n y protecci\u00f3n del patrimonio personal frente a respondabilidades y optimizaci\u00f3n fiscal. Leer \u00e1rticulo<\/p>","protected":false},"author":1,"featured_media":0,"parent":0,"menu_order":0,"comment_status":"closed","ping_status":"closed","template":"","meta":{"footnotes":"","_glsr_average":0,"_glsr_ranking":0,"_glsr_reviews":0},"blocksy_meta":[],"yoast_head":"<!-- This site is optimized with the Yoast SEO plugin v23.2 - https:\/\/yoast.com\/wordpress\/plugins\/seo\/ -->\n<title>Articulos -<\/title>\n<meta name=\"robots\" content=\"index, follow, max-snippet:-1, max-image-preview:large, max-video-preview:-1\" \/>\n<link rel=\"canonical\" href=\"https:\/\/asesorfiscaltoledo.com\/en\/articulosesp\/\" \/>\n<meta property=\"og:locale\" content=\"en_US\" \/>\n<meta property=\"og:type\" content=\"article\" \/>\n<meta property=\"og:title\" content=\"Articulos -\" \/>\n<meta property=\"og:description\" content=\"Condonaci\u00f3n y capitalizaci\u00f3n de deudas socios-sociedad Optimizaci\u00f3n fiscal y fortalecimiento financiero. Leer \u00e1rticulo Financiaci\u00f3n informal de PYMEs por socios Aportaciones informales de socios para mejorar liquidez, finanzas y cumplir requisitos fiscales. Leer \u00e1rticulo Plataforma de venta online Principales obligaciones fiscales de la venta online. Leer \u00e1rticulo La sociedad patrimonial Instrumento de protecci\u00f3n patrimonial y eficiencia fiscal Leer \u00e1rticulo La LLC (Limited Liability Company) La LLC y su empleo en negocios digitales Leer \u00e1rticulo Internacionalizaci\u00f3n de la empresa espa\u00f1ola La relevancia de los convenios para evitar la doble imposici\u00f3n Leer \u00e1rticulo Patrimonio personal Caso de \u00e9xito: Planificaci\u00f3n y protecci\u00f3n del patrimonio personal frente a respondabilidades y optimizaci\u00f3n fiscal. Leer \u00e1rticulo\" \/>\n<meta property=\"og:url\" content=\"https:\/\/asesorfiscaltoledo.com\/en\/articulosesp\/\" \/>\n<meta property=\"article:modified_time\" content=\"2025-01-26T16:26:56+00:00\" \/>\n<meta property=\"og:image\" content=\"https:\/\/asesorfiscaltoledo.com\/wp-content\/uploads\/2023\/12\/scml_b.png\" \/>\n\t<meta property=\"og:image:width\" content=\"500\" \/>\n\t<meta property=\"og:image:height\" content=\"500\" \/>\n\t<meta property=\"og:image:type\" content=\"image\/png\" \/>\n<meta name=\"twitter:card\" content=\"summary_large_image\" \/>\n<meta name=\"twitter:label1\" content=\"Est. reading time\" \/>\n\t<meta name=\"twitter:data1\" content=\"1 minute\" \/>\n<script type=\"application\/ld+json\" class=\"yoast-schema-graph\">{\"@context\":\"https:\/\/schema.org\",\"@graph\":[{\"@type\":\"WebPage\",\"@id\":\"https:\/\/asesorfiscaltoledo.com\/articulosesp\/\",\"url\":\"https:\/\/asesorfiscaltoledo.com\/articulosesp\/\",\"name\":\"Articulos -\",\"isPartOf\":{\"@id\":\"https:\/\/asesorfiscaltoledo.com\/#website\"},\"datePublished\":\"2025-01-26T15:15:04+00:00\",\"dateModified\":\"2025-01-26T16:26:56+00:00\",\"breadcrumb\":{\"@id\":\"https:\/\/asesorfiscaltoledo.com\/articulosesp\/#breadcrumb\"},\"inLanguage\":\"en-US\",\"potentialAction\":[{\"@type\":\"ReadAction\",\"target\":[\"https:\/\/asesorfiscaltoledo.com\/articulosesp\/\"]}]},{\"@type\":\"BreadcrumbList\",\"@id\":\"https:\/\/asesorfiscaltoledo.com\/articulosesp\/#breadcrumb\",\"itemListElement\":[{\"@type\":\"ListItem\",\"position\":1,\"name\":\"Portada\",\"item\":\"https:\/\/asesorfiscaltoledo.com\/\"},{\"@type\":\"ListItem\",\"position\":2,\"name\":\"Articulos\"}]},{\"@type\":\"WebSite\",\"@id\":\"https:\/\/asesorfiscaltoledo.com\/#website\",\"url\":\"https:\/\/asesorfiscaltoledo.com\/\",\"name\":\"Asesor fiscal Toledo\",\"description\":\"Especialistas en asesoramiento fiscal a empresas Toledo, Madrid y Palma de Mallorca\",\"publisher\":{\"@id\":\"https:\/\/asesorfiscaltoledo.com\/#organization\"},\"potentialAction\":[{\"@type\":\"SearchAction\",\"target\":{\"@type\":\"EntryPoint\",\"urlTemplate\":\"https:\/\/asesorfiscaltoledo.com\/?s={search_term_string}\"},\"query-input\":\"required name=search_term_string\"}],\"inLanguage\":\"en-US\"},{\"@type\":\"Organization\",\"@id\":\"https:\/\/asesorfiscaltoledo.com\/#organization\",\"name\":\"SCML Asesores Fiscales\",\"url\":\"https:\/\/asesorfiscaltoledo.com\/\",\"logo\":{\"@type\":\"ImageObject\",\"inLanguage\":\"en-US\",\"@id\":\"https:\/\/asesorfiscaltoledo.com\/#\/schema\/logo\/image\/\",\"url\":\"https:\/\/asesorfiscaltoledo.com\/wp-content\/uploads\/2023\/12\/scml_b.png\",\"contentUrl\":\"https:\/\/asesorfiscaltoledo.com\/wp-content\/uploads\/2023\/12\/scml_b.png\",\"width\":500,\"height\":500,\"caption\":\"SCML Asesores Fiscales\"},\"image\":{\"@id\":\"https:\/\/asesorfiscaltoledo.com\/#\/schema\/logo\/image\/\"}}]}<\/script>\n<!-- \/ Yoast SEO plugin. -->","yoast_head_json":{"title":"Articulos -","robots":{"index":"index","follow":"follow","max-snippet":"max-snippet:-1","max-image-preview":"max-image-preview:large","max-video-preview":"max-video-preview:-1"},"canonical":"https:\/\/asesorfiscaltoledo.com\/en\/articulosesp\/","og_locale":"en_US","og_type":"article","og_title":"Articulos -","og_description":"Condonaci\u00f3n y capitalizaci\u00f3n de deudas socios-sociedad Optimizaci\u00f3n fiscal y fortalecimiento financiero. Leer \u00e1rticulo Financiaci\u00f3n informal de PYMEs por socios Aportaciones informales de socios para mejorar liquidez, finanzas y cumplir requisitos fiscales. Leer \u00e1rticulo Plataforma de venta online Principales obligaciones fiscales de la venta online. Leer \u00e1rticulo La sociedad patrimonial Instrumento de protecci\u00f3n patrimonial y eficiencia fiscal Leer \u00e1rticulo La LLC (Limited Liability Company) La LLC y su empleo en negocios digitales Leer \u00e1rticulo Internacionalizaci\u00f3n de la empresa espa\u00f1ola La relevancia de los convenios para evitar la doble imposici\u00f3n Leer \u00e1rticulo Patrimonio personal Caso de \u00e9xito: Planificaci\u00f3n y protecci\u00f3n del patrimonio personal frente a respondabilidades y optimizaci\u00f3n fiscal. Leer \u00e1rticulo","og_url":"https:\/\/asesorfiscaltoledo.com\/en\/articulosesp\/","article_modified_time":"2025-01-26T16:26:56+00:00","og_image":[{"width":500,"height":500,"url":"https:\/\/asesorfiscaltoledo.com\/wp-content\/uploads\/2023\/12\/scml_b.png","type":"image\/png"}],"twitter_card":"summary_large_image","twitter_misc":{"Est. reading time":"1 minute"},"schema":{"@context":"https:\/\/schema.org","@graph":[{"@type":"WebPage","@id":"https:\/\/asesorfiscaltoledo.com\/articulosesp\/","url":"https:\/\/asesorfiscaltoledo.com\/articulosesp\/","name":"Articulos -","isPartOf":{"@id":"https:\/\/asesorfiscaltoledo.com\/#website"},"datePublished":"2025-01-26T15:15:04+00:00","dateModified":"2025-01-26T16:26:56+00:00","breadcrumb":{"@id":"https:\/\/asesorfiscaltoledo.com\/articulosesp\/#breadcrumb"},"inLanguage":"en-US","potentialAction":[{"@type":"ReadAction","target":["https:\/\/asesorfiscaltoledo.com\/articulosesp\/"]}]},{"@type":"BreadcrumbList","@id":"https:\/\/asesorfiscaltoledo.com\/articulosesp\/#breadcrumb","itemListElement":[{"@type":"ListItem","position":1,"name":"Portada","item":"https:\/\/asesorfiscaltoledo.com\/"},{"@type":"ListItem","position":2,"name":"Articulos"}]},{"@type":"WebSite","@id":"https:\/\/asesorfiscaltoledo.com\/#website","url":"https:\/\/asesorfiscaltoledo.com\/","name":"Asesor fiscal Toledo","description":"Especialistas en asesoramiento fiscal a empresas Toledo, Madrid y Palma de Mallorca","publisher":{"@id":"https:\/\/asesorfiscaltoledo.com\/#organization"},"potentialAction":[{"@type":"SearchAction","target":{"@type":"EntryPoint","urlTemplate":"https:\/\/asesorfiscaltoledo.com\/?s={search_term_string}"},"query-input":"required name=search_term_string"}],"inLanguage":"en-US"},{"@type":"Organization","@id":"https:\/\/asesorfiscaltoledo.com\/#organization","name":"SCML Asesores Fiscales","url":"https:\/\/asesorfiscaltoledo.com\/","logo":{"@type":"ImageObject","inLanguage":"en-US","@id":"https:\/\/asesorfiscaltoledo.com\/#\/schema\/logo\/image\/","url":"https:\/\/asesorfiscaltoledo.com\/wp-content\/uploads\/2023\/12\/scml_b.png","contentUrl":"https:\/\/asesorfiscaltoledo.com\/wp-content\/uploads\/2023\/12\/scml_b.png","width":500,"height":500,"caption":"SCML Asesores Fiscales"},"image":{"@id":"https:\/\/asesorfiscaltoledo.com\/#\/schema\/logo\/image\/"}}]}},"_links":{"self":[{"href":"https:\/\/asesorfiscaltoledo.com\/en\/wp-json\/wp\/v2\/pages\/1054"}],"collection":[{"href":"https:\/\/asesorfiscaltoledo.com\/en\/wp-json\/wp\/v2\/pages"}],"about":[{"href":"https:\/\/asesorfiscaltoledo.com\/en\/wp-json\/wp\/v2\/types\/page"}],"author":[{"embeddable":true,"href":"https:\/\/asesorfiscaltoledo.com\/en\/wp-json\/wp\/v2\/users\/1"}],"replies":[{"embeddable":true,"href":"https:\/\/asesorfiscaltoledo.com\/en\/wp-json\/wp\/v2\/comments?post=1054"}],"version-history":[{"count":12,"href":"https:\/\/asesorfiscaltoledo.com\/en\/wp-json\/wp\/v2\/pages\/1054\/revisions"}],"predecessor-version":[{"id":1092,"href":"https:\/\/asesorfiscaltoledo.com\/en\/wp-json\/wp\/v2\/pages\/1054\/revisions\/1092"}],"wp:attachment":[{"href":"https:\/\/asesorfiscaltoledo.com\/en\/wp-json\/wp\/v2\/media?parent=1054"}],"curies":[{"name":"wp","href":"https:\/\/api.w.org\/{rel}","templated":true}]}}